{"id":909,"date":"2025-08-22T08:11:49","date_gmt":"2025-08-22T08:11:49","guid":{"rendered":"https:\/\/lindab.jobylon.com\/?page_id=909"},"modified":"2025-10-17T07:29:28","modified_gmt":"2025-10-17T07:29:28","slug":"sweden","status":"publish","type":"page","link":"https:\/\/lindab.jobylon.com\/sv\/sweden\/","title":{"rendered":"Sverige"},"content":{"rendered":"<p>[et_pb_section fb_built=&#8221;1&#8243; _builder_version=&#8221;4.27.4&#8243; _module_preset=&#8221;default&#8221; background_color=&#8221;#0275BF&#8221; positioning=&#8221;none&#8221; custom_margin=&#8221;0px||0px||true|false&#8221; custom_padding=&#8221;2px||2px||true|false&#8221; da_disable_devices=&#8221;off|off|off&#8221; global_colors_info=&#8221;{}&#8221; da_is_popup=&#8221;off&#8221; da_exit_intent=&#8221;off&#8221; da_has_close=&#8221;on&#8221; da_alt_close=&#8221;off&#8221; da_dark_close=&#8221;off&#8221; da_not_modal=&#8221;on&#8221; da_is_singular=&#8221;off&#8221; da_with_loader=&#8221;off&#8221; da_has_shadow=&#8221;on&#8221;][et_pb_row _builder_version=&#8221;4.27.4&#8243; _module_preset=&#8221;default&#8221; width=&#8221;90%&#8221; max_width=&#8221;1500px&#8221; custom_margin=&#8221;0px||0px||true|false&#8221; custom_padding=&#8221;0px||0px||true|false&#8221; global_colors_info=&#8221;{}&#8221;][et_pb_column type=&#8221;4_4&#8243; _builder_version=&#8221;4.27.4&#8243; _module_preset=&#8221;default&#8221; global_colors_info=&#8221;{}&#8221;][et_pb_text _builder_version=&#8221;4.27.4&#8243; _module_preset=&#8221;default&#8221; link_font=&#8221;|600|||||||&#8221; link_text_align=&#8221;right&#8221; link_text_color=&#8221;#FFFFFF&#8221; link_font_size=&#8221;15px&#8221; text_orientation=&#8221;right&#8221; custom_margin=&#8221;0px||0px||true|false&#8221; custom_padding=&#8221;0px||0px||true|false&#8221; global_colors_info=&#8221;{}&#8221;]<\/p>\n<p><a href=\"http:\/\/www.lindab.se\/\" target=\"_blank\" rel=\"noopener\">L\u00e4s mer om Lindab Sverige<\/a><\/p>\n<p>[\/et_pb_text][\/et_pb_column][\/et_pb_row][\/et_pb_section][et_pb_section fb_built=&#8221;1&#8243; admin_label=&#8221;Section&#8221; _builder_version=&#8221;4.27.4&#8243; _module_preset=&#8221;default&#8221; background_color=&#8221;RGBA(255,255,255,0)&#8221; positioning=&#8221;none&#8221; z_index=&#8221;500&#8243; custom_margin=&#8221;0px||0px||true|false&#8221; custom_padding=&#8221;0px||0px||true|false&#8221; da_disable_devices=&#8221;off|off|off&#8221; border_radii=&#8221;off||||&#8221; global_colors_info=&#8221;{}&#8221; da_is_popup=&#8221;off&#8221; da_exit_intent=&#8221;off&#8221; da_has_close=&#8221;on&#8221; da_alt_close=&#8221;off&#8221; da_dark_close=&#8221;off&#8221; da_not_modal=&#8221;on&#8221; da_is_singular=&#8221;off&#8221; da_with_loader=&#8221;off&#8221; da_has_shadow=&#8221;on&#8221;][et_pb_row use_custom_gutter=&#8221;on&#8221; _builder_version=&#8221;4.27.4&#8243; _module_preset=&#8221;default&#8221; width=&#8221;90%&#8221; max_width=&#8221;1500px&#8221; module_alignment=&#8221;center&#8221; custom_margin=&#8221;0px||0px||false|false&#8221; custom_padding=&#8221;0px||0px||true|false&#8221; global_colors_info=&#8221;{}&#8221;][et_pb_column type=&#8221;4_4&#8243; _builder_version=&#8221;4.27.0&#8243; _module_preset=&#8221;default&#8221; global_colors_info=&#8221;{}&#8221;][et_pb_menu menu_id=&#8221;14&#8243; submenu_direction=&#8221;downwards&#8221; active_link_color=&#8221;#1E1E1E&#8221; dropdown_menu_bg_color=&#8221;#FFFFFF&#8221; dropdown_menu_line_color=&#8221;#0275BF&#8221; dropdown_menu_text_color=&#8221;#1E1E1E&#8221; dropdown_menu_active_link_color=&#8221;#1E1E1E&#8221; mobile_menu_bg_color=&#8221;#FFFFFF&#8221; mobile_menu_text_color=&#8221;#1E1E1E&#8221; logo=&#8221;https:\/\/lindab.jobylon.com\/wp-content\/uploads\/2025\/06\/Lindab_primary_logotype_RGB.png&#8221; logo_url=&#8221;@ET-DC@eyJkeW5hbWljIjp0cnVlLCJjb250ZW50IjoiaG9tZV91cmwiLCJzZXR0aW5ncyI6e319@&#8221; logo_width=&#8221;170px&#8221; cart_icon_color=&#8221;#FFFFFF&#8221; search_icon_color=&#8221;#FFFFFF&#8221; menu_icon_color=&#8221;#0275BF&#8221; logo_width_tablet=&#8221;170px&#8221; logo_width_phone=&#8221;150px&#8221; logo_width_last_edited=&#8221;on|tablet&#8221; _builder_version=&#8221;4.27.4&#8243; _dynamic_attributes=&#8221;logo_url&#8221; _module_preset=&#8221;default&#8221; menu_font=&#8221;&#8211;et_global_body_font|500|||||||&#8221; menu_font_size=&#8221;20px&#8221; background_enable_color=&#8221;off&#8221; text_orientation=&#8221;right&#8221; custom_margin=&#8221;0px||0px||true|false&#8221; custom_margin_tablet=&#8221;||||true|false&#8221; custom_margin_phone=&#8221;||||false|false&#8221; custom_margin_last_edited=&#8221;on|desktop&#8221; custom_padding=&#8221;10px||10px||true|false&#8221; global_colors_info=&#8221;{}&#8221;][\/et_pb_menu][\/et_pb_column][\/et_pb_row][\/et_pb_section][et_pb_section fb_built=&#8221;1&#8243; _builder_version=&#8221;4.25.1&#8243; _module_preset=&#8221;default&#8221; background_color=&#8221;#E5F6FF&#8221; background_image=&#8221;https:\/\/lindab.jobylon.com\/wp-content\/uploads\/2025\/06\/Lindab-Cover-1300&#215;500-2.png&#8221; background_enable_video_mp4=&#8221;off&#8221; background_pattern_horizontal_offset=&#8221;-17%&#8221; background_pattern_vertical_offset=&#8221;-6%&#8221; z_index=&#8221;100&#8243; min_height=&#8221;500px&#8221; min_height_tablet=&#8221;90vh&#8221; min_height_last_edited=&#8221;off|desktop&#8221; height_tablet=&#8221;90vh&#8221; height_last_edited=&#8221;off|desktop&#8221; custom_padding=&#8221;||24px|||&#8221; bottom_divider_flip=&#8221;vertical&#8221; background_last_edited=&#8221;off|desktop&#8221; background_image_phone=&#8221;https:\/\/lindab.jobylon.com\/wp-content\/uploads\/2024\/09\/Mobile-Cover-3.png&#8221; background_enable_image_phone=&#8221;on&#8221; background_position_phone=&#8221;center_left&#8221; da_disable_devices=&#8221;off|off|off&#8221; border_radii=&#8221;off||||&#8221; border_radii_tablet=&#8221;off|||80px|80px&#8221; border_radii_phone=&#8221;off|||40px|40px&#8221; border_radii_last_edited=&#8221;off|desktop&#8221; global_colors_info=&#8221;{}&#8221; da_is_popup=&#8221;off&#8221; da_exit_intent=&#8221;off&#8221; da_has_close=&#8221;on&#8221; da_alt_close=&#8221;off&#8221; da_dark_close=&#8221;off&#8221; da_not_modal=&#8221;on&#8221; da_is_singular=&#8221;off&#8221; da_with_loader=&#8221;off&#8221; da_has_shadow=&#8221;on&#8221;][\/et_pb_section][et_pb_section fb_built=&#8221;1&#8243; _builder_version=&#8221;4.25.1&#8243; _module_preset=&#8221;default&#8221; background_color=&#8221;#FFFFFF&#8221; z_index=&#8221;1&#8243; custom_margin=&#8221;||||false|false&#8221; custom_padding=&#8221;40px||20px||false|false&#8221; animation_direction=&#8221;bottom&#8221; background_last_edited=&#8221;on|phone&#8221; background_enable_color_phone=&#8221;off&#8221; da_disable_devices=&#8221;off|off|off&#8221; border_radii_tablet=&#8221;off|80px|80px||&#8221; border_radii_phone=&#8221;off|50px|50px||&#8221; border_radii_last_edited=&#8221;off|desktop&#8221; global_colors_info=&#8221;{}&#8221; da_is_popup=&#8221;off&#8221; da_exit_intent=&#8221;off&#8221; da_has_close=&#8221;on&#8221; da_alt_close=&#8221;off&#8221; da_dark_close=&#8221;off&#8221; da_not_modal=&#8221;on&#8221; da_is_singular=&#8221;off&#8221; da_with_loader=&#8221;off&#8221; da_has_shadow=&#8221;on&#8221;][et_pb_row custom_padding_last_edited=&#8221;on|phone&#8221; module_id=&#8221;jobs&#8221; _builder_version=&#8221;4.25.1&#8243; _module_preset=&#8221;default&#8221; background_enable_color=&#8221;off&#8221; width=&#8221;90%&#8221; max_width=&#8221;1500px&#8221; custom_margin=&#8221;|auto|48px|auto|false|false&#8221; custom_margin_tablet=&#8221;|auto|30px|auto|false|false&#8221; custom_margin_phone=&#8221;0px|auto|30px|auto|false|false&#8221; custom_margin_last_edited=&#8221;on|phone&#8221; custom_padding=&#8221;20px||13px|||&#8221; custom_padding_tablet=&#8221;&#8221; custom_padding_phone=&#8221;10px||||false|false&#8221; global_colors_info=&#8221;{}&#8221;][et_pb_column type=&#8221;4_4&#8243; _builder_version=&#8221;4.27.0&#8243; _module_preset=&#8221;default&#8221; global_colors_info=&#8221;{}&#8221;][et_pb_text _builder_version=&#8221;4.27.4&#8243; _module_preset=&#8221;default&#8221; text_text_color=&#8221;#1E1E1E&#8221; header_font=&#8221;&#8211;et_global_heading_font|&#8211;et_global_heading_font_weight|||||||&#8221; header_text_align=&#8221;left&#8221; header_font_size=&#8221;50px&#8221; header_letter_spacing=&#8221;-1px&#8221; text_orientation=&#8221;center&#8221; custom_margin=&#8221;||||false|false&#8221; header_font_size_tablet=&#8221;60px&#8221; header_font_size_phone=&#8221;41px&#8221; header_font_size_last_edited=&#8221;on|phone&#8221; global_colors_info=&#8221;{}&#8221;]<\/p>\n<h1>Bli en del av Lindab \u2013 Karri\u00e4r i Sverige<\/h1>\n<p>[\/et_pb_text][et_pb_code _builder_version=&#8221;4.27.4&#8243; _module_preset=&#8221;default&#8221; min_height=&#8221;200px&#8221; custom_margin=&#8221;||6px|||&#8221; hover_enabled=&#8221;0&#8243; global_colors_info=&#8221;{}&#8221; sticky_enabled=&#8221;0&#8243;]<\/p>\n<div id=\"jobylon-jobs-widget\"><\/div>\n<p><!-- [et_pb_line_break_holder] --><script type=\"text\/javascript\"><!-- [et_pb_line_break_holder] --><!-- [et_pb_line_break_holder] -->  \/*** CONFIGURATION ***\/<!-- [et_pb_line_break_holder] -->  var jbl_group_id = 471;<!-- [et_pb_line_break_holder] -->  var jbl_version = 'v2';<!-- [et_pb_line_break_holder] -->  var jbl_page_size = 20;<!-- [et_pb_line_break_holder] --><!-- [et_pb_line_break_holder] -->  \/*** DON'T EDIT BELOW THIS LINE ***\/<!-- [et_pb_line_break_holder] -->  (function() {<!-- [et_pb_line_break_holder] -->    var el = document.createElement('script');<!-- [et_pb_line_break_holder] -->    el.src = 'https:\/\/cdn.jobylon.com\/embedder.js';<!-- [et_pb_line_break_holder] -->    el.type = 'text\/javascript';<!-- [et_pb_line_break_holder] -->    el.async = true;<!-- [et_pb_line_break_holder] -->    d = (document.getElementsByTagName('head')[0] || document.getElementsByTagName('body')[0]);<!-- [et_pb_line_break_holder] -->    d.appendChild(el);<!-- [et_pb_line_break_holder] -->  })();<!-- [et_pb_line_break_holder] --><\/script>[\/et_pb_code][et_pb_button button_url=&#8221;@ET-DC@eyJkeW5hbWljIjp0cnVlLCJjb250ZW50IjoiaG9tZV91cmwiLCJzZXR0aW5ncyI6e319@&#8221; button_text=&#8221;Explore all Lindab group jobs&#8221; disabled_on=&#8221;off|off|off&#8221; _builder_version=&#8221;4.27.4&#8243; _dynamic_attributes=&#8221;button_url&#8221; _module_preset=&#8221;default&#8221; custom_button=&#8221;on&#8221; button_text_color=&#8221;#FFFFFF&#8221; button_bg_color=&#8221;#FF6600&#8243; button_border_color=&#8221;#FF6600&#8243; button_border_radius=&#8221;5px&#8221; button_font=&#8221;Raleway Variable|600||on|||||&#8221; button_icon=&#8221;&#x24;||divi||400&#8243; button_icon_color=&#8221;#FFFFFF&#8221; button_on_hover=&#8221;off&#8221; custom_padding=&#8221;10px|50px|10px|30px|true|false&#8221; box_shadow_style=&#8221;preset1&#8243; box_shadow_color=&#8221;rgba(0,0,0,0.1)&#8221; locked=&#8221;off&#8221; global_colors_info=&#8221;{}&#8221; button_bg_color__hover_enabled=&#8221;on|hover&#8221; button_bg_color__hover=&#8221;#CB5201&#8243; button_bg_enable_color__hover=&#8221;on&#8221; button_border_color__hover_enabled=&#8221;off|hover&#8221; button_border_color__hover=&#8221;#60C3C4&#8243;][\/et_pb_button][et_pb_button button_url=&#8221;#subscribe&#8221; button_text=&#8221;Job notifications&#8221; disabled_on=&#8221;off|off|off&#8221; _builder_version=&#8221;4.27.4&#8243; _module_preset=&#8221;default&#8221; custom_button=&#8221;on&#8221; button_text_color=&#8221;#FFFFFF&#8221; button_bg_color=&#8221;#FF6600&#8243; button_border_color=&#8221;#FF6600&#8243; button_border_radius=&#8221;5px&#8221; button_font=&#8221;Raleway Variable|600||on|||||&#8221; button_icon=&#8221;&#x24;||divi||400&#8243; button_icon_color=&#8221;#FFFFFF&#8221; button_on_hover=&#8221;off&#8221; custom_padding=&#8221;10px|50px|10px|30px|true|false&#8221; box_shadow_style=&#8221;preset1&#8243; box_shadow_color=&#8221;rgba(0,0,0,0.1)&#8221; global_colors_info=&#8221;{}&#8221; button_bg_color__hover_enabled=&#8221;on|hover&#8221; button_bg_color__hover=&#8221;#CB5201&#8243; button_bg_enable_color__hover=&#8221;on&#8221; button_border_color__hover_enabled=&#8221;off|hover&#8221; button_border_color__hover=&#8221;#60C3C4&#8243;][\/et_pb_button][\/et_pb_column][\/et_pb_row][\/et_pb_section][et_pb_section fb_built=&#8221;1&#8243; admin_label=&#8221;Popup &#8211; #subscribe&#8221; module_id=&#8221;subscribe&#8221; module_class=&#8221;popup single no-shadow&#8221; _builder_version=&#8221;4.27.4&#8243; _module_preset=&#8221;default&#8221; background_color=&#8221;#FFFFFF&#8221; da_is_popup=&#8221;on&#8221; da_popup_slug=&#8221;subscribe&#8221; da_is_singular=&#8221;on&#8221; da_has_shadow=&#8221;off&#8221; da_disable_devices=&#8221;off|off|off&#8221; global_colors_info=&#8221;{}&#8221; da_exit_intent=&#8221;off&#8221; da_has_close=&#8221;on&#8221; da_alt_close=&#8221;off&#8221; da_dark_close=&#8221;off&#8221; da_not_modal=&#8221;on&#8221; da_with_loader=&#8221;off&#8221;][et_pb_row column_structure=&#8221;1_2,1_2&#8243; _builder_version=&#8221;4.25.1&#8243; _module_preset=&#8221;default&#8221; width=&#8221;90%&#8221; max_width=&#8221;1500px&#8221; global_colors_info=&#8221;{}&#8221;][et_pb_column type=&#8221;1_2&#8243; _builder_version=&#8221;4.27.0&#8243; _module_preset=&#8221;default&#8221; global_colors_info=&#8221;{}&#8221;][et_pb_image src=&#8221;https:\/\/lindab.jobylon.com\/wp-content\/uploads\/2025\/06\/7.png&#8221; title_text=&#8221;7&#8243; _builder_version=&#8221;4.25.1&#8243; _module_preset=&#8221;default&#8221; global_colors_info=&#8221;{}&#8221;][\/et_pb_image][\/et_pb_column][et_pb_column type=&#8221;1_2&#8243; _builder_version=&#8221;4.27.0&#8243; _module_preset=&#8221;default&#8221; global_colors_info=&#8221;{}&#8221;][et_pb_text _builder_version=&#8221;4.27.4&#8243; _module_preset=&#8221;default&#8221; text_font=&#8221;&#8211;et_global_body_font|&#8211;et_global_body_font_weight|||||||&#8221; header_font=&#8221;&#8211;et_global_heading_font|&#8211;et_global_heading_font_weight|||||||&#8221; header_line_height=&#8221;1.1em&#8221; global_colors_info=&#8221;{}&#8221;]<\/p>\n<h1>Var f\u00f6rst med att f\u00e5 reda p\u00e5 nya jobbm\u00f6jligheter.<\/h1>\n<p>Vill du vara bland de f\u00f6rsta att f\u00e5 veta om nya jobbm\u00f6jligheter? G\u00e5 med i v\u00e5r e-postlista s\u00e5 meddelar vi dig s\u00e5 snart nya karri\u00e4rm\u00f6jligheter blir tillg\u00e4ngliga.<strong><\/strong><\/p>\n<p>[\/et_pb_text][et_pb_text _builder_version=&#8221;4.27.4&#8243; _module_preset=&#8221;default&#8221; text_font=&#8221;&#8211;et_global_body_font|&#8211;et_global_body_font_weight|||||||&#8221; header_font=&#8221;&#8211;et_global_heading_font|&#8211;et_global_heading_font_weight|||||||&#8221; header_line_height=&#8221;1.1em&#8221; global_colors_info=&#8221;{}&#8221;]<\/p>\n<p><iframe loading=\"lazy\" src=\"https:\/\/cdn.jobylon.com\/jobs\/companies\/3183\/embed\/v3\/?show_filters=1\" height=\"4000\" width=\"900\"><\/iframe><\/p>\n<p>[\/et_pb_text][\/et_pb_column][\/et_pb_row][\/et_pb_section][et_pb_section fb_built=&#8221;1&#8243; _builder_version=&#8221;4.18.0&#8243; _module_preset=&#8221;default&#8221; background_color=&#8221;#f3f3f3&#8243; custom_margin=&#8221;0px||0px||false|false&#8221; custom_padding=&#8221;14px||14px||true|false&#8221; da_disable_devices=&#8221;off|off|off&#8221; global_colors_info=&#8221;{}&#8221; da_is_popup=&#8221;off&#8221; da_exit_intent=&#8221;off&#8221; da_has_close=&#8221;on&#8221; da_alt_close=&#8221;off&#8221; da_dark_close=&#8221;off&#8221; da_not_modal=&#8221;on&#8221; da_is_singular=&#8221;off&#8221; da_with_loader=&#8221;off&#8221; da_has_shadow=&#8221;on&#8221;][et_pb_row _builder_version=&#8221;4.18.0&#8243; _module_preset=&#8221;default&#8221; global_colors_info=&#8221;{}&#8221;][et_pb_column type=&#8221;4_4&#8243; _builder_version=&#8221;4.18.0&#8243; _module_preset=&#8221;default&#8221; global_colors_info=&#8221;{}&#8221;][et_pb_image src=&#8221;https:\/\/lindab.jobylon.com\/wp-content\/uploads\/2022\/12\/Jobylon-logo-grey.png&#8221; title_text=&#8221;Jobylon&#8221; url=&#8221;https:\/\/www.jobylon.com\/&#8221; url_new_window=&#8221;on&#8221; align=&#8221;center&#8221; _builder_version=&#8221;4.18.0&#8243; _module_preset=&#8221;default&#8221; max_width=&#8221;160px&#8221; custom_margin=&#8221;||16px|||&#8221; global_colors_info=&#8221;{}&#8221;][\/et_pb_image][et_pb_text _builder_version=&#8221;4.18.0&#8243; _module_preset=&#8221;default&#8221; text_font=&#8221;||||||||&#8221; custom_margin=&#8221;-9px|||||&#8221; global_colors_info=&#8221;{}&#8221;]<\/p>\n<p style=\"text-align: center;\"><a href=\"https:\/\/insightsdata.wpengine.com\/wp-content\/uploads\/2022\/02\/jlogo.svg\"><\/a><\/p>\n<p style=\"text-align: center;\">Designad och drivs av <a href=\"https:\/\/www.jobylon.com\/\" target=\"_blank\" rel=\"noopener\">Jobylon<\/a><\/p>\n<p>[\/et_pb_text][\/et_pb_column][\/et_pb_row][\/et_pb_section]<\/p>","protected":false},"excerpt":{"rendered":"<p>Read more about Lindab SwedenJoin Lindab \u2013 Careers in SwedenBe the first to know about new job openings Would you like to be among the first to know about new job openings? Join our email list, and we&#8217;ll notify you as soon as new career opportunities become available. Designed &amp; Powered by Jobylon<\/p>","protected":false},"author":2,"featured_media":0,"parent":0,"menu_order":0,"comment_status":"closed","ping_status":"closed","template":"","meta":{"_et_pb_use_builder":"on","_et_pb_old_content":"","_et_gb_content_width":"","footnotes":""},"class_list":["post-909","page","type-page","status-publish","hentry"],"featured_image_src":null,"featured_image_src_square":null,"_links":{"self":[{"href":"https:\/\/lindab.jobylon.com\/sv\/wp-json\/wp\/v2\/pages\/909","targetHints":{"allow":["GET"]}}],"collection":[{"href":"https:\/\/lindab.jobylon.com\/sv\/wp-json\/wp\/v2\/pages"}],"about":[{"href":"https:\/\/lindab.jobylon.com\/sv\/wp-json\/wp\/v2\/types\/page"}],"author":[{"embeddable":true,"href":"https:\/\/lindab.jobylon.com\/sv\/wp-json\/wp\/v2\/users\/2"}],"replies":[{"embeddable":true,"href":"https:\/\/lindab.jobylon.com\/sv\/wp-json\/wp\/v2\/comments?post=909"}],"version-history":[{"count":0,"href":"https:\/\/lindab.jobylon.com\/sv\/wp-json\/wp\/v2\/pages\/909\/revisions"}],"wp:attachment":[{"href":"https:\/\/lindab.jobylon.com\/sv\/wp-json\/wp\/v2\/media?parent=909"}],"curies":[{"name":"wp","href":"https:\/\/api.w.org\/{rel}","templated":true}]}}